{"id":7,"date":"2019-06-14T10:02:25","date_gmt":"2019-06-14T08:02:25","guid":{"rendered":"http:\/\/philippe-dhondt.be\/?page_id=7"},"modified":"2023-05-10T15:25:35","modified_gmt":"2023-05-10T13:25:35","slug":"experiences","status":"publish","type":"page","link":"https:\/\/philippe-dhondt.be\/index.php\/experiences\/","title":{"rendered":"Exp\u00e9riences"},"content":{"rendered":"\n<p><strong>2019<\/strong><\/p>\n\n\n\n<p><strong>CEO chez Justclic<\/strong><\/p>\n\n\n\n<p><strong>2012 &#8211; 2019<\/strong><\/p>\n\n\n\n<p><strong>Directeur informatique \u00e0 l&#8217;OBFG<\/strong><\/p>\n\n\n\n<p>&nbsp;Restructuration des services informatiques des ordres (14 barreaux ind\u00e9pendants d&#8217;un point de vue IT en 2012)<\/p>\n\n\n\n<p class=\"has-text-align-right\"><em>Passage de syst\u00e8mes d\u00e9centralis\u00e9s &nbsp;\u00e0 un syst\u00e8me centralis\u00e9 <\/em><\/p>\n\n\n\n<p class=\"has-text-align-right\">Audit \u2013 \u00e9criture des cahiers des charges \u2013 soumission \u2013 choix des prestataires<em> \u2013 gestion des projets \u2013 gestion de la formation et de l\u2019accompagnement<\/em><\/p>\n\n\n\n<p><em>&nbsp;&nbsp;&nbsp;&nbsp;&nbsp;&nbsp;&nbsp;&nbsp;&nbsp;&nbsp;&nbsp;&nbsp;&nbsp;&nbsp;&nbsp; &nbsp;&nbsp;&nbsp;&nbsp;&nbsp;&nbsp;&nbsp;&nbsp;&nbsp;&nbsp;&nbsp;&nbsp;&nbsp;&nbsp;&nbsp; Cr\u00e9ation\ndu concept LGO (Logiciel de Gestion des ordres)<\/em><\/p>\n\n\n\n<p class=\"has-text-align-right\"><em>Architecture modulaire bas\u00e9e sur un annuaire centralis\u00e9,\net des modules applicatifs (gestion de dossier, de cotisation, de formation, de\nstage, des services web, &nbsp;\u2026)<\/em><\/p>\n\n\n\n<p class=\"has-text-align-right\"><em>Briques techniques : Odoo<\/em>, Alfresco<\/p>\n\n\n\n<p class=\"has-text-align-right\"><em>Architecture SOA <\/em><\/p>\n\n\n\n<p class=\"has-text-align-left\">&nbsp;Gestion des \u00e9quipes ( internes et externes)<\/p>\n\n\n\n<p>&nbsp;Gestion des budgets<\/p>\n\n\n\n<p>&nbsp;Int\u00e9gration dans le projet europ\u00e9en FAL (Find a Lawyer)<\/p>\n\n\n\n<p>Cr\u00e9ation de la DPA (Digital Platform for\nAttorneys)<\/p>\n\n\n\n<p class=\"has-text-align-right\"><em>En collaboration avec notre homologue de l\u2019OVB<\/em><\/p>\n\n\n\n<p class=\"has-text-align-right\"><em>Plateforme de services IT pour les avocats<\/em><\/p>\n\n\n\n<p><strong>2004 &#8211; 2012<\/strong><\/p>\n\n\n\n<p><strong>Manager chez DP Web Consulting<\/strong><\/p>\n\n\n\n<p><em>D\u00e9veloppement Web<\/em><\/p>\n\n\n\n<p class=\"has-text-align-right\"><em>&nbsp;&nbsp;&nbsp;&nbsp;&nbsp;&nbsp;&nbsp;&nbsp;&nbsp;&nbsp;&nbsp;&nbsp;&nbsp;&nbsp;&nbsp; &nbsp;&nbsp;&nbsp;&nbsp;&nbsp;&nbsp;&nbsp;&nbsp;&nbsp;&nbsp;&nbsp;&nbsp;&nbsp;&nbsp;&nbsp; Technologies\nOpen Source (Drupal, PostgreSql, Apache, Debian, Python &#8230;)<\/em><\/p>\n\n\n\n<p class=\"has-text-align-right\"><em>&nbsp;&nbsp;&nbsp;&nbsp;&nbsp;&nbsp;&nbsp;&nbsp;&nbsp;&nbsp;&nbsp;&nbsp;&nbsp;&nbsp;&nbsp; &nbsp;&nbsp;&nbsp;&nbsp;&nbsp;&nbsp;&nbsp;&nbsp;&nbsp;&nbsp;&nbsp;&nbsp;&nbsp;&nbsp;&nbsp; Conseils\n&#8211; Formation &#8211; Support -D\u00e9veloppement&nbsp; &#8211;\nR\u00e9ferencement \u2013 H\u00e9bergement<\/em><\/p>\n\n\n\n<p class=\"has-text-align-right\"><em>Client\u00e8le constitu\u00e9e essentiellement de cabinets d\u2019avocats.<\/em><\/p>\n\n\n\n<p><strong>2002-2004<\/strong><\/p>\n\n\n\n<p>&nbsp;&nbsp;&nbsp;&nbsp;&nbsp;&nbsp;&nbsp;&nbsp;&nbsp;&nbsp;&nbsp;&nbsp;&nbsp;&nbsp;&nbsp; <strong><em>Consultant pour diff\u00e9rents\nsyndicats (OIT pour le principal):<\/em><\/strong><\/p>\n\n\n\n<p>&nbsp;&nbsp;&nbsp;&nbsp;&nbsp;&nbsp;&nbsp;&nbsp;&nbsp;&nbsp;&nbsp;&nbsp;&nbsp;&nbsp;&nbsp; M\u00eame travail que pour l&#8217;EI, mais\nuniquement en consultance, et bas\u00e9 cette fois exclusivement sur des technologies\nopen source.<\/p>\n\n\n\n<p><strong>2000-2012<\/strong><\/p>\n\n\n\n<p>&nbsp;&nbsp;&nbsp;&nbsp;&nbsp;&nbsp;&nbsp;&nbsp;&nbsp;&nbsp;&nbsp;&nbsp;&nbsp;&nbsp;&nbsp; <strong><em>D\u00e9veloppement et commercialisation d&#8217;un Syst\u00e8me de Trading Automatique<\/em><\/strong><\/p>\n\n\n\n<p class=\"has-text-align-right\">&nbsp;&nbsp;&nbsp;&nbsp;&nbsp;&nbsp;&nbsp;&nbsp;&nbsp;&nbsp;&nbsp;&nbsp;&nbsp;&nbsp;&nbsp; Python, PostgreSql, QT4 &amp; Matplotlib <\/p>\n\n\n\n<p><strong>1996-2002<\/strong><\/p>\n\n\n\n<p>&nbsp;&nbsp;&nbsp;&nbsp;&nbsp;&nbsp;&nbsp;&nbsp;&nbsp;&nbsp;&nbsp;&nbsp;&nbsp;&nbsp;&nbsp; <strong><em>International de\nl&#8217;Education IE-EI:<\/em><\/strong><\/p>\n\n\n\n<p>&nbsp;&nbsp;&nbsp;&nbsp;&nbsp;&nbsp;&nbsp;&nbsp;&nbsp;&nbsp;&nbsp;&nbsp;&nbsp;&nbsp;&nbsp; Responsable IT<\/p>\n\n\n\n<p>&nbsp;&nbsp;&nbsp;&nbsp;&nbsp;&nbsp;&nbsp;&nbsp;&nbsp;&nbsp;&nbsp;&nbsp;&nbsp;&nbsp;&nbsp; Restructuration des services\ninformatiques<\/p>\n\n\n\n<p>&nbsp;&nbsp;&nbsp;&nbsp;&nbsp;&nbsp;&nbsp;&nbsp;&nbsp;&nbsp;&nbsp;&nbsp;&nbsp;&nbsp;&nbsp; Passage de syst\u00e8mes d\u00e9centralis\u00e9s (d\u00e9partementalis\u00e9s) \u00e0 un syst\u00e8me centralis\u00e9<\/p>\n\n\n\n<p>&nbsp;&nbsp;&nbsp;&nbsp;&nbsp;&nbsp;&nbsp;&nbsp;&nbsp;&nbsp;&nbsp;&nbsp;&nbsp;&nbsp;&nbsp; Automatisation de diff\u00e9rents services<\/p>\n\n\n\n<p>&nbsp;&nbsp;&nbsp;&nbsp;&nbsp;&nbsp;&nbsp;&nbsp;&nbsp;&nbsp;&nbsp;&nbsp;&nbsp;&nbsp;&nbsp; installation des applications\nclientes<\/p>\n\n\n\n<p>&nbsp;&nbsp;&nbsp;&nbsp;&nbsp;&nbsp;&nbsp;&nbsp;&nbsp;&nbsp;&nbsp;&nbsp;&nbsp;&nbsp;&nbsp; Formation<\/p>\n\n\n\n<p><strong>1989-1996 <\/strong><\/p>\n\n\n\n<p>&nbsp;&nbsp;&nbsp;&nbsp;&nbsp;&nbsp;&nbsp;&nbsp;&nbsp;&nbsp;&nbsp;&nbsp;&nbsp;&nbsp;&nbsp; <strong><em>Ben\nHellinckx :<\/em><\/strong><\/p>\n\n\n\n<p>&nbsp;&nbsp;&nbsp;&nbsp;&nbsp;&nbsp;&nbsp;&nbsp;&nbsp;&nbsp;&nbsp;&nbsp;&nbsp;&nbsp;&nbsp; Sales Manager pour un logiciel de trading import\u00e9 des USA (Technical Investor)<\/p>\n\n\n\n<p>&nbsp;&nbsp;&nbsp;&nbsp;&nbsp;&nbsp;&nbsp;&nbsp;&nbsp;&nbsp;&nbsp;&nbsp;&nbsp;&nbsp;&nbsp; Vente, installation et formation<\/p>\n\n\n\n<p>&nbsp;&nbsp;&nbsp;&nbsp;&nbsp;&nbsp;&nbsp;&nbsp;&nbsp;&nbsp;&nbsp;&nbsp;&nbsp;&nbsp;&nbsp; Bruxelles &#8211; Luxembourg &#8211; Paris<\/p>\n\n\n\n<p><strong>1986-1989<\/strong><\/p>\n\n\n\n<p>&nbsp;&nbsp;&nbsp;&nbsp;&nbsp;&nbsp;&nbsp;&nbsp;&nbsp;&nbsp;&nbsp;&nbsp;&nbsp;&nbsp;&nbsp; <strong><em>Baudoux Vertongen &#8211; Agent de change<\/em><\/strong><\/p>\n\n\n\n<p>&nbsp;&nbsp;&nbsp;&nbsp;&nbsp;&nbsp;&nbsp;&nbsp;&nbsp;&nbsp;&nbsp;&nbsp;&nbsp;&nbsp;&nbsp; D\u00e9veloppement de diverses\napplications de trading (en Basic)<\/p>\n\n\n\n<p>&nbsp;&nbsp;&nbsp;&nbsp;&nbsp;&nbsp;&nbsp;&nbsp;&nbsp;&nbsp;&nbsp;&nbsp;&nbsp;&nbsp;&nbsp; Responsable du parc &#8220;Personal Computer&#8221;<\/p>\n\n\n\n<p><strong>1985-1986<\/strong><\/p>\n\n\n\n<p class=\"has-text-align-right\">Service militaire, 10 TTR (transmission), Peutie (en n\u00e9erlandais)<\/p>\n","protected":false},"excerpt":{"rendered":"<p>2019 CEO chez Justclic 2012 &#8211; 2019 Directeur informatique \u00e0 l&#8217;OBFG &nbsp;Restructuration des services informatiques des ordres (14 barreaux ind\u00e9pendants d&#8217;un point de vue IT en 2012) Passage de syst\u00e8mes d\u00e9centralis\u00e9s &nbsp;\u00e0 un syst\u00e8me centralis\u00e9 Audit \u2013 \u00e9criture des cahiers des charges \u2013 soumission \u2013 choix des prestataires \u2013 gestion des projets \u2013 gestion de &hellip; <\/p>\n<p class=\"link-more\"><a href=\"https:\/\/philippe-dhondt.be\/index.php\/experiences\/\" class=\"more-link\">Continue reading<span class=\"screen-reader-text\"> &#8220;Exp\u00e9riences&#8221;<\/span><\/a><\/p>\n","protected":false},"author":1,"featured_media":0,"parent":0,"menu_order":0,"comment_status":"closed","ping_status":"closed","template":"","meta":{"footnotes":""},"class_list":["post-7","page","type-page","status-publish","hentry"],"yoast_head":"<!-- This site is optimized with the Yoast SEO plugin v15.4 - https:\/\/yoast.com\/wordpress\/plugins\/seo\/ -->\n<title>Exp\u00e9riences - Philippe Dhondt<\/title>\n<meta name=\"robots\" content=\"index, follow, max-snippet:-1, max-image-preview:large, max-video-preview:-1\" \/>\n<link rel=\"canonical\" href=\"https:\/\/philippe-dhondt.be\/index.php\/experiences\/\" \/>\n<meta property=\"og:locale\" content=\"en_US\" \/>\n<meta property=\"og:type\" content=\"article\" \/>\n<meta property=\"og:title\" content=\"Exp\u00e9riences - Philippe Dhondt\" \/>\n<meta property=\"og:description\" content=\"2019 CEO chez Justclic 2012 &#8211; 2019 Directeur informatique \u00e0 l&#8217;OBFG &nbsp;Restructuration des services informatiques des ordres (14 barreaux ind\u00e9pendants d&#8217;un point de vue IT en 2012) Passage de syst\u00e8mes d\u00e9centralis\u00e9s &nbsp;\u00e0 un syst\u00e8me centralis\u00e9 Audit \u2013 \u00e9criture des cahiers des charges \u2013 soumission \u2013 choix des prestataires \u2013 gestion des projets \u2013 gestion de &hellip; Continue reading &quot;Exp\u00e9riences&quot;\" \/>\n<meta property=\"og:url\" content=\"https:\/\/philippe-dhondt.be\/index.php\/experiences\/\" \/>\n<meta property=\"og:site_name\" content=\"Philippe Dhondt\" \/>\n<meta property=\"article:modified_time\" content=\"2023-05-10T13:25:35+00:00\" \/>\n<meta name=\"twitter:card\" content=\"summary_large_image\" \/>\n<meta name=\"twitter:label1\" content=\"Written by\">\n\t<meta name=\"twitter:data1\" content=\"Duron\">\n\t<meta name=\"twitter:label2\" content=\"Est. reading time\">\n\t<meta name=\"twitter:data2\" content=\"3 minutes\">\n<script type=\"application\/ld+json\" class=\"yoast-schema-graph\">{\"@context\":\"https:\/\/schema.org\",\"@graph\":[{\"@type\":\"WebSite\",\"@id\":\"https:\/\/philippe-dhondt.be\/#website\",\"url\":\"https:\/\/philippe-dhondt.be\/\",\"name\":\"Philippe Dhondt\",\"description\":\"Never give up, never never never give up !\",\"potentialAction\":[{\"@type\":\"SearchAction\",\"target\":\"https:\/\/philippe-dhondt.be\/?s={search_term_string}\",\"query-input\":\"required name=search_term_string\"}],\"inLanguage\":\"en-US\"},{\"@type\":\"WebPage\",\"@id\":\"https:\/\/philippe-dhondt.be\/index.php\/experiences\/#webpage\",\"url\":\"https:\/\/philippe-dhondt.be\/index.php\/experiences\/\",\"name\":\"Exp\\u00e9riences - Philippe Dhondt\",\"isPartOf\":{\"@id\":\"https:\/\/philippe-dhondt.be\/#website\"},\"datePublished\":\"2019-06-14T08:02:25+00:00\",\"dateModified\":\"2023-05-10T13:25:35+00:00\",\"inLanguage\":\"en-US\",\"potentialAction\":[{\"@type\":\"ReadAction\",\"target\":[\"https:\/\/philippe-dhondt.be\/index.php\/experiences\/\"]}]}]}<\/script>\n<!-- \/ Yoast SEO plugin. -->","_links":{"self":[{"href":"https:\/\/philippe-dhondt.be\/index.php\/wp-json\/wp\/v2\/pages\/7"}],"collection":[{"href":"https:\/\/philippe-dhondt.be\/index.php\/wp-json\/wp\/v2\/pages"}],"about":[{"href":"https:\/\/philippe-dhondt.be\/index.php\/wp-json\/wp\/v2\/types\/page"}],"author":[{"embeddable":true,"href":"https:\/\/philippe-dhondt.be\/index.php\/wp-json\/wp\/v2\/users\/1"}],"replies":[{"embeddable":true,"href":"https:\/\/philippe-dhondt.be\/index.php\/wp-json\/wp\/v2\/comments?post=7"}],"version-history":[{"count":24,"href":"https:\/\/philippe-dhondt.be\/index.php\/wp-json\/wp\/v2\/pages\/7\/revisions"}],"predecessor-version":[{"id":117,"href":"https:\/\/philippe-dhondt.be\/index.php\/wp-json\/wp\/v2\/pages\/7\/revisions\/117"}],"wp:attachment":[{"href":"https:\/\/philippe-dhondt.be\/index.php\/wp-json\/wp\/v2\/media?parent=7"}],"curies":[{"name":"wp","href":"https:\/\/api.w.org\/{rel}","templated":true}]}}