{"id":14,"date":"2019-06-14T10:04:14","date_gmt":"2019-06-14T08:04:14","guid":{"rendered":"http:\/\/philippe-dhondt.be\/?page_id=14"},"modified":"2022-11-06T09:43:48","modified_gmt":"2022-11-06T08:43:48","slug":"hobby","status":"publish","type":"page","link":"https:\/\/philippe-dhondt.be\/index.php\/hobby\/","title":{"rendered":"Hobby"},"content":{"rendered":"\n<p>Collectionneur de mat\u00e9riel Hifi Vintage (<a href=\"http:\/\/www.hifivintage.be\">http:\/\/www.hifivintage.be<\/a>)<\/p>\n\n\n\n<p>Guitare, depuis 1971 (blues, rock, pop, chansons fran\u00e7aises &#8211; Brassens)<\/p>\n\n\n\n<p>Boxe Fran\u00e7aise, depuis 1975<\/p>\n\n\n\n<p>Jogging &amp; musculation<\/p>\n\n\n\n<p>Aikido, de 1993 \u00e0 2000<\/p>\n\n\n\n<p>Chasse photographique (rapaces)<\/p>\n\n\n\n<p>Cuisine, fran\u00e7aise, traditionnelle<\/p>\n\n\n\n<p>Informatique (et oui, une passion)<\/p>\n\n\n\n<p>Hacking (pour m\u00e9moire : la hacker d\u00e9fend, le cracker attaque&#8230;)<\/p>\n\n\n\n<p>Astrophysique<\/p>\n\n\n\n<p>Astrologie (du point de vue caract\u00e9rologie)<\/p>\n\n\n\n<p>Strat\u00e9gie (militaire, business, marketing, &#8230;)<\/p>\n\n\n\n<p><\/p>\n","protected":false},"excerpt":{"rendered":"<p>Collectionneur de mat\u00e9riel Hifi Vintage (http:\/\/www.hifivintage.be) Guitare, depuis 1971 (blues, rock, pop, chansons fran\u00e7aises &#8211; Brassens) Boxe Fran\u00e7aise, depuis 1975 Jogging &amp; musculation Aikido, de 1993 \u00e0 2000 Chasse photographique (rapaces) Cuisine, fran\u00e7aise, traditionnelle Informatique (et oui, une passion) Hacking (pour m\u00e9moire : la hacker d\u00e9fend, le cracker attaque&#8230;) Astrophysique Astrologie (du point de vue &hellip; <\/p>\n<p class=\"link-more\"><a href=\"https:\/\/philippe-dhondt.be\/index.php\/hobby\/\" class=\"more-link\">Continue reading<span class=\"screen-reader-text\"> &#8220;Hobby&#8221;<\/span><\/a><\/p>\n","protected":false},"author":1,"featured_media":0,"parent":0,"menu_order":0,"comment_status":"closed","ping_status":"closed","template":"","meta":{"footnotes":""},"class_list":["post-14","page","type-page","status-publish","hentry"],"yoast_head":"<!-- This site is optimized with the Yoast SEO plugin v15.4 - https:\/\/yoast.com\/wordpress\/plugins\/seo\/ -->\n<title>Hobby - Philippe Dhondt<\/title>\n<meta name=\"robots\" content=\"index, follow, max-snippet:-1, max-image-preview:large, max-video-preview:-1\" \/>\n<link rel=\"canonical\" href=\"https:\/\/philippe-dhondt.be\/index.php\/hobby\/\" \/>\n<meta property=\"og:locale\" content=\"en_US\" \/>\n<meta property=\"og:type\" content=\"article\" \/>\n<meta property=\"og:title\" content=\"Hobby - Philippe Dhondt\" \/>\n<meta property=\"og:description\" content=\"Collectionneur de mat\u00e9riel Hifi Vintage (http:\/\/www.hifivintage.be) Guitare, depuis 1971 (blues, rock, pop, chansons fran\u00e7aises &#8211; Brassens) Boxe Fran\u00e7aise, depuis 1975 Jogging &amp; musculation Aikido, de 1993 \u00e0 2000 Chasse photographique (rapaces) Cuisine, fran\u00e7aise, traditionnelle Informatique (et oui, une passion) Hacking (pour m\u00e9moire : la hacker d\u00e9fend, le cracker attaque&#8230;) Astrophysique Astrologie (du point de vue &hellip; Continue reading &quot;Hobby&quot;\" \/>\n<meta property=\"og:url\" content=\"https:\/\/philippe-dhondt.be\/index.php\/hobby\/\" \/>\n<meta property=\"og:site_name\" content=\"Philippe Dhondt\" \/>\n<meta property=\"article:modified_time\" content=\"2022-11-06T08:43:48+00:00\" \/>\n<meta name=\"twitter:card\" content=\"summary_large_image\" \/>\n<meta name=\"twitter:label1\" content=\"Written by\">\n\t<meta name=\"twitter:data1\" content=\"Duron\">\n\t<meta name=\"twitter:label2\" content=\"Est. reading time\">\n\t<meta name=\"twitter:data2\" content=\"0 minutes\">\n<script type=\"application\/ld+json\" class=\"yoast-schema-graph\">{\"@context\":\"https:\/\/schema.org\",\"@graph\":[{\"@type\":\"WebSite\",\"@id\":\"https:\/\/philippe-dhondt.be\/#website\",\"url\":\"https:\/\/philippe-dhondt.be\/\",\"name\":\"Philippe Dhondt\",\"description\":\"Never give up, never never never give up !\",\"potentialAction\":[{\"@type\":\"SearchAction\",\"target\":\"https:\/\/philippe-dhondt.be\/?s={search_term_string}\",\"query-input\":\"required name=search_term_string\"}],\"inLanguage\":\"en-US\"},{\"@type\":\"WebPage\",\"@id\":\"https:\/\/philippe-dhondt.be\/index.php\/hobby\/#webpage\",\"url\":\"https:\/\/philippe-dhondt.be\/index.php\/hobby\/\",\"name\":\"Hobby - Philippe Dhondt\",\"isPartOf\":{\"@id\":\"https:\/\/philippe-dhondt.be\/#website\"},\"datePublished\":\"2019-06-14T08:04:14+00:00\",\"dateModified\":\"2022-11-06T08:43:48+00:00\",\"inLanguage\":\"en-US\",\"potentialAction\":[{\"@type\":\"ReadAction\",\"target\":[\"https:\/\/philippe-dhondt.be\/index.php\/hobby\/\"]}]}]}<\/script>\n<!-- \/ Yoast SEO plugin. -->","_links":{"self":[{"href":"https:\/\/philippe-dhondt.be\/index.php\/wp-json\/wp\/v2\/pages\/14"}],"collection":[{"href":"https:\/\/philippe-dhondt.be\/index.php\/wp-json\/wp\/v2\/pages"}],"about":[{"href":"https:\/\/philippe-dhondt.be\/index.php\/wp-json\/wp\/v2\/types\/page"}],"author":[{"embeddable":true,"href":"https:\/\/philippe-dhondt.be\/index.php\/wp-json\/wp\/v2\/users\/1"}],"replies":[{"embeddable":true,"href":"https:\/\/philippe-dhondt.be\/index.php\/wp-json\/wp\/v2\/comments?post=14"}],"version-history":[{"count":12,"href":"https:\/\/philippe-dhondt.be\/index.php\/wp-json\/wp\/v2\/pages\/14\/revisions"}],"predecessor-version":[{"id":115,"href":"https:\/\/philippe-dhondt.be\/index.php\/wp-json\/wp\/v2\/pages\/14\/revisions\/115"}],"wp:attachment":[{"href":"https:\/\/philippe-dhondt.be\/index.php\/wp-json\/wp\/v2\/media?parent=14"}],"curies":[{"name":"wp","href":"https:\/\/api.w.org\/{rel}","templated":true}]}}